{"id":312,"date":"2025-11-23T18:35:21","date_gmt":"2025-11-23T17:35:21","guid":{"rendered":"https:\/\/test.janvandijk.net\/?page_id=312"},"modified":"2025-11-23T18:35:21","modified_gmt":"2025-11-23T17:35:21","slug":"publications-2","status":"publish","type":"page","link":"https:\/\/test.janvandijk.net\/?page_id=312&lang=en","title":{"rendered":"Publications"},"content":{"rendered":"\n<p>A small selection from the many publications:<\/p>\n\n\n\n<p>Alex van Amerongen: &#8216;Cortege en Rondeau&#8217;,<br>from &#8220;Mens en melodie&#8221;, year XI\/1, January 1956, pages 25-26<\/p>\n\n\n\n<p>Jan van Dijk: &#8216;Concert for pianola and orchestra&#8217;,<br>from &#8220;Pianola&#8217;s&#8221;, periodical of the Dutch Pianola Society, 1981, pages 92-97<\/p>\n\n\n\n<p>A.D. Fokker and Jan van Dijk: &#8216;Exp\u00e9riences musicales avec les genres musicaux de L\u00e9onard Euler contenant la septi\u00e8me harmoniques&#8217;, from &#8220;Recherches Musicales Th\u00e9oriques et Pratiques&#8221;, Extrait de Tone X, 1951, pages 133-146<\/p>\n\n\n\n<p>Adriaan Fokker: &#8216;Neue Musik mit 31 T\u00f6nen&#8217;,<br>from &#8220;Orpheus Schriftreihen zur Grundfragen der Musik&#8221; volume 5, 1966, pages 25,29 en 86.<\/p>\n\n\n\n<p>Marinus Kasbergen: &#8216;Jan van Dijk&#8217;s Zwartbaard&#8217;,<br>from &#8220;Polyhymnia&#8221;, December 1958<\/p>\n\n\n\n<p>Antoon Maessen: &#8216;Jan van Dijk, componist&#8217;,<br>from &#8220;Brabantia&#8221;, 1981 no.4, pages 153-156<\/p>\n\n\n\n<p>W.Stigter: &#8216;Ars Vivendi&#8217;,<br>from &#8216;Algemeen Maconniek Tijdschrift&#8217;, XXXI\/16 May 1977, pages 364-368<\/p>\n\n\n\n<p>C. van Eijndhoven: &#8216;Jan van Dijk ( 1918 &#8211; ) en zijn merkwaardig beiaardoeuvre&#8217;<br>from &#8220;Magazine jaargang V\/ trimester 2&#8221;, 1999, Flemish Carillon Society, entire magazine<\/p>\n\n\n\n<p>J. den Ouden: &#8216;Stille ontmoeting met Jan van Dijk&#8217;,<br>Biography, Publishing house De Steensplinter, 2000<\/p>\n\n\n\n<p>F. Mollinger van Eeden: Interview with Jan van Dijk<br>Available on CD at the Foundation<\/p>\n\n\n\n<p>In 2000, a selection from the many pianoworks of Jan van Dijk has been published on the Erasmus label as a double CD with the title &#8216;Pianoworks&#8217;.<br><a href=\"https:\/\/test.janvandijk.net\/?page_id=243&amp;lang=en\" data-type=\"page\" data-id=\"243\">Here<\/a>\u00a0you can read more about it.<\/p>\n\n\n\n<p><\/p>\n","protected":false},"excerpt":{"rendered":"<p>A small selection from the many publications: Alex van Amerongen: &#8216;Cortege en Rondeau&#8217;,from &#8220;Mens en melodie&#8221;, year XI\/1, January 1956, pages 25-26 Jan van Dijk: &#8216;Concert for pianola and orchestra&#8217;,from &#8220;Pianola&#8217;s&#8221;, periodical of the Dutch Pianola Society, 1981, pages 92-97 A.D. Fokker and Jan van Dijk: &#8216;Exp\u00e9riences musicales avec les genres musicaux de L\u00e9onard Euler [&hellip;]<\/p>\n","protected":false},"author":1,"featured_media":0,"parent":0,"menu_order":0,"comment_status":"closed","ping_status":"closed","template":"","meta":{"footnotes":""},"class_list":["post-312","page","type-page","status-publish","hentry"],"blocksy_meta":[],"_links":{"self":[{"href":"https:\/\/test.janvandijk.net\/index.php?rest_route=\/wp\/v2\/pages\/312","targetHints":{"allow":["GET"]}}],"collection":[{"href":"https:\/\/test.janvandijk.net\/index.php?rest_route=\/wp\/v2\/pages"}],"about":[{"href":"https:\/\/test.janvandijk.net\/index.php?rest_route=\/wp\/v2\/types\/page"}],"author":[{"embeddable":true,"href":"https:\/\/test.janvandijk.net\/index.php?rest_route=\/wp\/v2\/users\/1"}],"replies":[{"embeddable":true,"href":"https:\/\/test.janvandijk.net\/index.php?rest_route=%2Fwp%2Fv2%2Fcomments&post=312"}],"version-history":[{"count":1,"href":"https:\/\/test.janvandijk.net\/index.php?rest_route=\/wp\/v2\/pages\/312\/revisions"}],"predecessor-version":[{"id":313,"href":"https:\/\/test.janvandijk.net\/index.php?rest_route=\/wp\/v2\/pages\/312\/revisions\/313"}],"wp:attachment":[{"href":"https:\/\/test.janvandijk.net\/index.php?rest_route=%2Fwp%2Fv2%2Fmedia&parent=312"}],"curies":[{"name":"wp","href":"https:\/\/api.w.org\/{rel}","templated":true}]}}